{"id":414,"date":"2025-02-28T23:46:01","date_gmt":"2025-02-28T23:46:01","guid":{"rendered":"https:\/\/zupemljet.com\/?page_id=414"},"modified":"2025-04-14T20:26:22","modified_gmt":"2025-04-14T19:26:22","slug":"ministranti","status":"publish","type":"page","link":"https:\/\/zupemljet.com\/index.php\/ministranti\/","title":{"rendered":"Ministranti"},"content":{"rendered":"<div class=\"wp-block-image\">\n<figure class=\"aligncenter size-full\"><img fetchpriority=\"high\" decoding=\"async\" width=\"293\" height=\"300\" src=\"https:\/\/zupemljet.com\/wp-content\/uploads\/2025\/04\/ministranti.jpg\" alt=\"\" class=\"wp-image-652\"\/><\/figure>\n<\/div>\n\n\n<p><\/p>\n\n\n\n<p>Zajednica ministranata triju \u017eupa otoka Mljeta okuplja dvadesetak mladih \u010dlanova osnovno\u0161kolskog uzrasta, koji svojim anga\u017emanom aktivno sudjeluju u \u017eivotu svojih \u017eupnih zajednica. Ova zajednica, iako mala, pru\u017ea priliku za me\u0111usobno upoznavanje, duhovni rast te ja\u010danje zajedni\u0161tva me\u0111u mladima na otoku.<\/p>\n\n\n\n<p>Ministranti iz \u017eupe sv. Antuna Opata iz Maranovi\u0107a broje troje \u010dlanova, a zajedno s ministrantima iz \u017eupe sv. Vlaha u Babinom Polju redovito se susre\u0107u svakog utorka. Susreti po\u010dinju u 12:20 sati, a zavr\u0161avaju u 14:00 sati. Tijekom ovog vremena, ministranti iz obje \u017eupe imaju priliku zajedni\u010dki u\u010diti, vje\u017ebati i dijeliti svoja duhovna iskustva, \u010dime se povezuju i ja\u010daju duhovni \u017eivot.<\/p>\n\n\n\n<p>S druge strane, ministranti \u017eupe Velike Gospe, koja se nalazi u Gove\u0111arima, susre\u0107u se svakog ponedjeljka. Ovi susreti omogu\u0107uju mladima iz ove \u017eupe da se me\u0111usobno upotpune i zajedno rastu u vjeri i ljubavi prema Bogu i bli\u017enjemu.<\/p>\n\n\n\n<p>Svi ministranti na otoku Mljetu vode se zajedni\u010dkim ciljem \u2013 izgradnjom sna\u017enog zajedni\u0161tva, dubljim razumijevanjem vjere i slu\u017eenjem svojoj \u017eupnoj zajednici. \u010clanove ove zajednice vodi \u017eupnik koji se brine za sve tri \u017eupe na otoku Mljetu, a koji svojim vodstvom i prisustvom omogu\u0107ava mladima da rastu u vjeri i duhovnoj izobrazbi.<\/p>\n\n\n\n<p>Svrha ministriranja nije samo slu\u017eenje za oltarom, ve\u0107 je to i prilika za izgradnju zajedni\u0161tva me\u0111u mladima, dublje upoznavanje Boga, te ja\u010danje ljubavi prema Bogu i bli\u017enjemu. Kroz ministrantske susrete, djeca i mladi na Mljetu imaju priliku bolje upoznati vjeru, izgraditi \u010dvrste temelje duhovnog \u017eivota i biti sna\u017ean dio \u017eupnih zajednica.<\/p>\n","protected":false},"excerpt":{"rendered":"<p>Zajednica ministranata triju \u017eupa otoka Mljeta okuplja dvadesetak mladih \u010dlanova osnovno\u0161kolskog uzrasta, koji svojim anga\u017emanom aktivno sudjeluju u \u017eivotu svojih \u017eupnih zajednica. Ova zajednica, iako mala, pru\u017ea priliku za me\u0111usobno upoznavanje, duhovni rast te ja\u010danje zajedni\u0161tva me\u0111u mladima na otoku. Ministranti iz \u017eupe sv. Antuna Opata iz Maranovi\u0107a broje troje \u010dlanova, a zajedno s ministrantima iz \u017eupe sv. Vlaha u Babinom Polju redovito se susre\u0107u svakog utorka. Susreti po\u010dinju u 12:20 sati, a zavr\u0161avaju u 14:00 sati. Tijekom ovog vremena, ministranti iz obje \u017eupe imaju priliku zajedni\u010dki u\u010diti, vje\u017ebati i dijeliti svoja duhovna iskustva, \u010dime se povezuju i ja\u010daju duhovni \u017eivot. S druge strane, ministranti \u017eupe Velike Gospe, koja se nalazi u Gove\u0111arima, susre\u0107u se svakog ponedjeljka. Ovi susreti omogu\u0107uju mladima iz ove \u017eupe da se me\u0111usobno upotpune i zajedno rastu u vjeri i ljubavi prema Bogu i bli\u017enjemu. Svi ministranti na otoku Mljetu vode se zajedni\u010dkim ciljem \u2013 izgradnjom sna\u017enog zajedni\u0161tva, dubljim razumijevanjem vjere i slu\u017eenjem svojoj \u017eupnoj zajednici. \u010clanove ove zajednice vodi \u017eupnik koji se brine za sve tri \u017eupe na otoku Mljetu, a koji svojim vodstvom i prisustvom omogu\u0107ava mladima da rastu u vjeri i duhovnoj izobrazbi. Svrha ministriranja nije samo slu\u017eenje za oltarom, ve\u0107 je to i prilika za izgradnju zajedni\u0161tva me\u0111u mladima, dublje upoznavanje Boga, te ja\u010danje ljubavi prema Bogu i bli\u017enjemu. Kroz ministrantske susrete, djeca i mladi na Mljetu imaju priliku bolje upoznati vjeru, izgraditi \u010dvrste temelje duhovnog \u017eivota i biti sna\u017ean dio \u017eupnih zajednica.<\/p>\n","protected":false},"author":1,"featured_media":0,"parent":0,"menu_order":0,"comment_status":"closed","ping_status":"closed","template":"","meta":{"footnotes":""},"class_list":["post-414","page","type-page","status-publish","hentry"],"acf":[],"_links":{"self":[{"href":"https:\/\/zupemljet.com\/index.php\/wp-json\/wp\/v2\/pages\/414","targetHints":{"allow":["GET"]}}],"collection":[{"href":"https:\/\/zupemljet.com\/index.php\/wp-json\/wp\/v2\/pages"}],"about":[{"href":"https:\/\/zupemljet.com\/index.php\/wp-json\/wp\/v2\/types\/page"}],"author":[{"embeddable":true,"href":"https:\/\/zupemljet.com\/index.php\/wp-json\/wp\/v2\/users\/1"}],"replies":[{"embeddable":true,"href":"https:\/\/zupemljet.com\/index.php\/wp-json\/wp\/v2\/comments?post=414"}],"version-history":[{"count":2,"href":"https:\/\/zupemljet.com\/index.php\/wp-json\/wp\/v2\/pages\/414\/revisions"}],"predecessor-version":[{"id":653,"href":"https:\/\/zupemljet.com\/index.php\/wp-json\/wp\/v2\/pages\/414\/revisions\/653"}],"wp:attachment":[{"href":"https:\/\/zupemljet.com\/index.php\/wp-json\/wp\/v2\/media?parent=414"}],"curies":[{"name":"wp","href":"https:\/\/api.w.org\/{rel}","templated":true}]}}