{"id":415,"date":"2025-02-28T23:46:01","date_gmt":"2025-02-28T23:46:01","guid":{"rendered":"https:\/\/zupemljet.com\/?page_id=415"},"modified":"2025-04-14T20:31:18","modified_gmt":"2025-04-14T19:31:18","slug":"djecji-zbor","status":"publish","type":"page","link":"https:\/\/zupemljet.com\/index.php\/djecji-zbor\/","title":{"rendered":"Dje\u010dji zbor"},"content":{"rendered":"\n<p>\u017dupni dje\u010dji zbor <em>Mljetski slavuji<\/em> \u017eupe Velike Gospe Gove\u0111ari, koji se okuplja jednom tjedno na probama u Gove\u0111arima, zapo\u010deo je svoje djelovanje krajem o\u017eujka 2025. godine. Zbor trenutno broji 16 \u010dlanova osnovno\u0161kolskog uzrasta, a vodi ga Zoran, umirovljeni profesor glazbe s dugogodi\u0161njim iskustvom u radu s djecom i glazbom.<\/p>\n\n\n\n<p>Veliku ulogu u po\u010detku djelovanja zbora imale su mame djece, koje su svojim anga\u017emanom i podr\u0161kom zna\u010dajno doprinijele formiranju i organizaciji zbora. Prepoznaju\u0107i va\u017enost ovakvog projekta za svoju djecu, mame su aktivno sudjelovale u svim prvim koracima i pripremama. Osim \u0161to su podr\u017eavale djecu u njihovoj \u017eelji za sudjelovanjem, pomogle su u logistici, organizaciji probnih termina, te se pobrinule za sve potrebne uvjete za prve probe. Njihova prisutnost i ohrabrenje pru\u017eali su djeci sigurnost i motivaciju, \u010dine\u0107i po\u010detke zbora lak\u0161ima i uspje\u0161nijima.<\/p>\n\n\n\n<p>Svrha zbora <em>Mljetski slavuji<\/em> nije samo u\u010denje glazbe, ve\u0107 i ja\u010danje zajedni\u0161tva me\u0111u djecom, me\u0111usobno upoznavanje, te rast u vjeri i ljubavi prema Bogu i bli\u017enjemu. Kroz zajedni\u010dke probe i nastupe, djeca imaju priliku nau\u010diti vi\u0161e o glazbi, ali i o va\u017enosti zajedni\u0161tva i suradnje. Zbor je mjesto gdje se djeca u\u010de kako slaviti Boga, te kroz glazbu i pjesmu izra\u017eavaju svoju vjeru i duhovne vrijednosti.<\/p>\n\n\n\n<p>Zoran, kao voditelj zbora, nastoji stvoriti okru\u017eenje u kojem \u0107e djeca ne samo razvijati svoje glazbene talente, ve\u0107 i rasti u duhovnom smislu. Svaka proba postaje prilika za dublje upoznavanje Boga, razmjenu ljubavi i izgradnju prijateljskih odnosa me\u0111u \u010dlanovima. Zbor <em>Mljetski slavuji<\/em> tako postaje va\u017ean dio \u017eupnog \u017eivota, ne samo kroz glazbu koju stvaraju, ve\u0107 i kroz vrijednosti koje promi\u010du u svakodnevnim odnosima i pona\u0161anju.<\/p>\n\n\n\n<p>Svrha zbora nije samo glazbeno izra\u017eavanje, ve\u0107 i odgoj mladih u duhu zajedni\u0161tva, vjere, ljubavi i me\u0111usobnog po\u0161tovanja. Kroz pjesmu, djeca iz Gove\u0111ara imaju priliku ne samo nau\u010diti o glazbi, ve\u0107 i o tome \u0161to zna\u010di biti dio zajednice, slaviti Boga i rasti u vjeri. Anga\u017eman mame i njihova podr\u0161ka u prvom koraku pomogli su izgraditi temelj na kojem \u0107e zbor <em>Mljetski slavuji<\/em> nastaviti rasti i razvijati se u duhovnom i glazbenom smislu.<\/p>\n","protected":false},"excerpt":{"rendered":"<p>\u017dupni dje\u010dji zbor Mljetski slavuji \u017eupe Velike Gospe Gove\u0111ari, koji se okuplja jednom tjedno na probama u Gove\u0111arima, zapo\u010deo je svoje djelovanje krajem o\u017eujka 2025. godine. Zbor trenutno broji 16 \u010dlanova osnovno\u0161kolskog uzrasta, a vodi ga Zoran, umirovljeni profesor glazbe s dugogodi\u0161njim iskustvom u radu s djecom i glazbom. Veliku ulogu u po\u010detku djelovanja zbora imale su mame djece, koje su svojim anga\u017emanom i podr\u0161kom zna\u010dajno doprinijele formiranju i organizaciji zbora. Prepoznaju\u0107i va\u017enost ovakvog projekta za svoju djecu, mame su aktivno sudjelovale u svim prvim koracima i pripremama. Osim \u0161to su podr\u017eavale djecu u njihovoj \u017eelji za sudjelovanjem, pomogle su u logistici, organizaciji probnih termina, te se pobrinule za sve potrebne uvjete za prve probe. Njihova prisutnost i ohrabrenje pru\u017eali su djeci sigurnost i motivaciju, \u010dine\u0107i po\u010detke zbora lak\u0161ima i uspje\u0161nijima. Svrha zbora Mljetski slavuji nije samo u\u010denje glazbe, ve\u0107 i ja\u010danje zajedni\u0161tva me\u0111u djecom, me\u0111usobno upoznavanje, te rast u vjeri i ljubavi prema Bogu i bli\u017enjemu. Kroz zajedni\u010dke probe i nastupe, djeca imaju priliku nau\u010diti vi\u0161e o glazbi, ali i o va\u017enosti zajedni\u0161tva i suradnje. Zbor je mjesto gdje se djeca u\u010de kako slaviti Boga, te kroz glazbu i pjesmu izra\u017eavaju svoju vjeru i duhovne vrijednosti. Zoran, kao voditelj zbora, nastoji stvoriti okru\u017eenje u kojem \u0107e djeca ne samo razvijati svoje glazbene talente, ve\u0107 i rasti u duhovnom smislu. Svaka proba postaje prilika za dublje upoznavanje Boga, razmjenu ljubavi i izgradnju prijateljskih odnosa me\u0111u \u010dlanovima. Zbor Mljetski slavuji tako postaje va\u017ean dio \u017eupnog \u017eivota, ne samo kroz glazbu koju stvaraju, ve\u0107 i kroz vrijednosti koje promi\u010du u svakodnevnim odnosima i pona\u0161anju. Svrha zbora nije samo glazbeno izra\u017eavanje, ve\u0107 i odgoj mladih u duhu zajedni\u0161tva, vjere, ljubavi i me\u0111usobnog po\u0161tovanja. Kroz pjesmu, djeca iz Gove\u0111ara imaju priliku ne samo nau\u010diti o glazbi, ve\u0107 i o tome \u0161to zna\u010di biti dio zajednice, slaviti Boga i rasti u vjeri. Anga\u017eman mame i njihova podr\u0161ka u prvom koraku pomogli su izgraditi temelj na kojem \u0107e zbor Mljetski slavuji nastaviti rasti i razvijati se u duhovnom i glazbenom smislu.<\/p>\n","protected":false},"author":1,"featured_media":0,"parent":0,"menu_order":0,"comment_status":"closed","ping_status":"closed","template":"","meta":{"footnotes":""},"class_list":["post-415","page","type-page","status-publish","hentry"],"acf":[],"_links":{"self":[{"href":"https:\/\/zupemljet.com\/index.php\/wp-json\/wp\/v2\/pages\/415","targetHints":{"allow":["GET"]}}],"collection":[{"href":"https:\/\/zupemljet.com\/index.php\/wp-json\/wp\/v2\/pages"}],"about":[{"href":"https:\/\/zupemljet.com\/index.php\/wp-json\/wp\/v2\/types\/page"}],"author":[{"embeddable":true,"href":"https:\/\/zupemljet.com\/index.php\/wp-json\/wp\/v2\/users\/1"}],"replies":[{"embeddable":true,"href":"https:\/\/zupemljet.com\/index.php\/wp-json\/wp\/v2\/comments?post=415"}],"version-history":[{"count":2,"href":"https:\/\/zupemljet.com\/index.php\/wp-json\/wp\/v2\/pages\/415\/revisions"}],"predecessor-version":[{"id":656,"href":"https:\/\/zupemljet.com\/index.php\/wp-json\/wp\/v2\/pages\/415\/revisions\/656"}],"wp:attachment":[{"href":"https:\/\/zupemljet.com\/index.php\/wp-json\/wp\/v2\/media?parent=415"}],"curies":[{"name":"wp","href":"https:\/\/api.w.org\/{rel}","templated":true}]}}