{"id":417,"date":"2025-02-28T23:46:01","date_gmt":"2025-02-28T23:46:01","guid":{"rendered":"https:\/\/zupemljet.com\/?page_id=417"},"modified":"2025-04-07T20:32:11","modified_gmt":"2025-04-07T19:32:11","slug":"ispovijed","status":"publish","type":"page","link":"https:\/\/zupemljet.com\/index.php\/ispovijed\/","title":{"rendered":"Ispovijed"},"content":{"rendered":"<div class=\"wp-block-image\">\n<figure class=\"aligncenter size-full\"><img fetchpriority=\"high\" decoding=\"async\" width=\"800\" height=\"533\" src=\"https:\/\/zupemljet.com\/wp-content\/uploads\/2025\/03\/ISPOVIJED-1.jpg\" alt=\"\" class=\"wp-image-577\" srcset=\"https:\/\/zupemljet.com\/wp-content\/uploads\/2025\/03\/ISPOVIJED-1.jpg 800w, https:\/\/zupemljet.com\/wp-content\/uploads\/2025\/03\/ISPOVIJED-1-300x200.jpg 300w, https:\/\/zupemljet.com\/wp-content\/uploads\/2025\/03\/ISPOVIJED-1-768x512.jpg 768w\" sizes=\"(max-width: 800px) 100vw, 800px\" \/><\/figure>\n<\/div>\n\n\n<p><strong>Naznake za pripremu i slavljenje&nbsp;sakramenta svetog pomirenja ili ispovijedi<br><\/strong><br>Opra\u0161taju\u0107i nam grijehe, nakon \u0161to smo ih ispovjedili i za njih se pokajali te izvr\u0161ili pokoru, Isus nas po sakramentu pomirenja pomiruje s Bogom, s na\u0161im bli\u017enjima, s Crkvom i s nama samima. Da bi se to dogodilo, potrebno je:<br>a) &nbsp; prepoznati svoje grijehe i promisliti o njima,<br>b)&nbsp; pokajati se za grijehe<br>c) &nbsp; prihvatiti Bo\u017eji poziv na obra\u0107enje i odlu\u010diti vi\u0161e ne grije\u0161iti<br>d)&nbsp; u poniznosti i zahvalnosti ispovjediti grijehe u sakramentu pomirenja&nbsp;<br>e) &nbsp; izvr\u0161iti zadanu pokoru.<br><br>Budu\u0107i da je rije\u010d o slavlju sakramenta, najbolja je priprava molitvena. Dobro je zazvati Duha Svetoga da se od njega primi prosvjetljenje i ljubav. Uspore\u0111uju\u0107i svoj \u017eivot sa zapovijedima i primjerom \u017eivota svetih, pokornik \u0107e lak\u0161e u\u0107i u susret s Bogom koji nas prihva\u0107a i raduje se na\u0161emu oslobo\u0111enju od grijeha. Pripravu se mo\u017ee zapo\u010deti ovom ili nekom drugom molitvom:<\/p>\n\n\n\n<p>Gospodine, Bo\u017ee moj, O\u010de milosr\u0111a!&nbsp;&nbsp;&nbsp;&nbsp;&nbsp;&nbsp;&nbsp;&nbsp;&nbsp;&nbsp;<br>Ti si nam sve darovao u ljubavi svoga Sina,&nbsp;&nbsp;&nbsp;&nbsp;&nbsp;&nbsp;&nbsp;&nbsp;&nbsp;&nbsp;<br>u njegovoj smrti i uskrsnu\u0107u.&nbsp;&nbsp;&nbsp;&nbsp;&nbsp;&nbsp;&nbsp;&nbsp;&nbsp;&nbsp;<br>Evo me pred tobom&nbsp;&nbsp;&nbsp;&nbsp;&nbsp;&nbsp;&nbsp;&nbsp;&nbsp;&nbsp;<br>sa svim svojim grijesima i slabostima.&nbsp;&nbsp;&nbsp;&nbsp;&nbsp;&nbsp;&nbsp;&nbsp;&nbsp;&nbsp;<br>Iako me zbog grijeha priti\u0161\u0107e i kori moja savjest,&nbsp;&nbsp;&nbsp;&nbsp;&nbsp;&nbsp;&nbsp;&nbsp;&nbsp;&nbsp;<br>znam da je tvoja ljubav ve\u0107a i ja\u010da od moje grje\u0161nosti.&nbsp;&nbsp;&nbsp;&nbsp;&nbsp;&nbsp;&nbsp;&nbsp;&nbsp;&nbsp;<br>Gospodine, neka me Duh tvoj Sveti prosvijetli&nbsp;&nbsp;&nbsp;&nbsp;&nbsp;&nbsp;&nbsp;&nbsp;&nbsp;<br>da mogu shvatiti te\u017einu svojih grijeha.&nbsp;&nbsp;&nbsp;&nbsp;&nbsp;&nbsp;&nbsp;&nbsp;&nbsp;&nbsp;<br>Pomozi mi da se za njih iskreno i skru\u0161eno pokajem.&nbsp;&nbsp;&nbsp;&nbsp;&nbsp;&nbsp;&nbsp;&nbsp;&nbsp;&nbsp;<br>Podaj mi milost pravoga obra\u0107enja&nbsp;&nbsp;&nbsp;&nbsp;&nbsp;&nbsp;&nbsp;&nbsp;&nbsp;&nbsp;<br>i iskrenu \u017eelju da se popravim te \u017eivim u ljubavi&nbsp;&nbsp;&nbsp;&nbsp;&nbsp;&nbsp;&nbsp;&nbsp;&nbsp;&nbsp;<br>s tobom i sa svojom bra\u0107om i sestrama.<br>Amen.&nbsp;&nbsp;<\/p>\n\n\n\n<p><strong>Sv. Ispovijed je preko tjedna redovno svaki dan pola sata prije sv. Mise. Termin sv. ispovijedi je tako\u0111er mogu\u0107e dogovoriti s \u017eupnikom i izvan redovnog vremena, kao i duhovni razgovor.<\/strong><\/p>\n\n\n\n<p><strong>Ispit savjesti<\/strong><\/p>\n\n\n\n<p><\/p>\n","protected":false},"excerpt":{"rendered":"<p>Naznake za pripremu i slavljenje&nbsp;sakramenta svetog pomirenja ili ispovijediOpra\u0161taju\u0107i nam grijehe, nakon \u0161to smo ih ispovjedili i za njih se pokajali te izvr\u0161ili pokoru, Isus nas po sakramentu pomirenja pomiruje s Bogom, s na\u0161im bli\u017enjima, s Crkvom i s nama samima. Da bi se to dogodilo, potrebno je:a) &nbsp; prepoznati svoje grijehe i promisliti o njima,b)&nbsp; pokajati se za grijehec) &nbsp; prihvatiti Bo\u017eji poziv na obra\u0107enje i odlu\u010diti vi\u0161e ne grije\u0161itid)&nbsp; u poniznosti i zahvalnosti ispovjediti grijehe u sakramentu pomirenja&nbsp;e) &nbsp; izvr\u0161iti zadanu pokoru. Budu\u0107i da je rije\u010d o slavlju sakramenta, najbolja je priprava molitvena. Dobro je zazvati Duha Svetoga da se od njega primi prosvjetljenje i ljubav. Uspore\u0111uju\u0107i svoj \u017eivot sa zapovijedima i primjerom \u017eivota svetih, pokornik \u0107e lak\u0161e u\u0107i u susret s Bogom koji nas prihva\u0107a i raduje se na\u0161emu oslobo\u0111enju od grijeha. Pripravu se mo\u017ee zapo\u010deti ovom ili nekom drugom molitvom: Gospodine, Bo\u017ee moj, O\u010de milosr\u0111a!&nbsp;&nbsp;&nbsp;&nbsp;&nbsp;&nbsp;&nbsp;&nbsp;&nbsp;&nbsp;Ti si nam sve darovao u ljubavi svoga Sina,&nbsp;&nbsp;&nbsp;&nbsp;&nbsp;&nbsp;&nbsp;&nbsp;&nbsp;&nbsp;u njegovoj smrti i uskrsnu\u0107u.&nbsp;&nbsp;&nbsp;&nbsp;&nbsp;&nbsp;&nbsp;&nbsp;&nbsp;&nbsp;Evo me pred tobom&nbsp;&nbsp;&nbsp;&nbsp;&nbsp;&nbsp;&nbsp;&nbsp;&nbsp;&nbsp;sa svim svojim grijesima i slabostima.&nbsp;&nbsp;&nbsp;&nbsp;&nbsp;&nbsp;&nbsp;&nbsp;&nbsp;&nbsp;Iako me zbog grijeha priti\u0161\u0107e i kori moja savjest,&nbsp;&nbsp;&nbsp;&nbsp;&nbsp;&nbsp;&nbsp;&nbsp;&nbsp;&nbsp;znam da je tvoja ljubav ve\u0107a i ja\u010da od moje grje\u0161nosti.&nbsp;&nbsp;&nbsp;&nbsp;&nbsp;&nbsp;&nbsp;&nbsp;&nbsp;&nbsp;Gospodine, neka me Duh tvoj Sveti prosvijetli&nbsp;&nbsp;&nbsp;&nbsp;&nbsp;&nbsp;&nbsp;&nbsp;&nbsp;da mogu shvatiti te\u017einu svojih grijeha.&nbsp;&nbsp;&nbsp;&nbsp;&nbsp;&nbsp;&nbsp;&nbsp;&nbsp;&nbsp;Pomozi mi da se za njih iskreno i skru\u0161eno pokajem.&nbsp;&nbsp;&nbsp;&nbsp;&nbsp;&nbsp;&nbsp;&nbsp;&nbsp;&nbsp;Podaj mi milost pravoga obra\u0107enja&nbsp;&nbsp;&nbsp;&nbsp;&nbsp;&nbsp;&nbsp;&nbsp;&nbsp;&nbsp;i iskrenu \u017eelju da se popravim te \u017eivim u ljubavi&nbsp;&nbsp;&nbsp;&nbsp;&nbsp;&nbsp;&nbsp;&nbsp;&nbsp;&nbsp;s tobom i sa svojom bra\u0107om i sestrama.Amen.&nbsp;&nbsp; Sv. Ispovijed je preko tjedna redovno svaki dan pola sata prije sv. Mise. Termin sv. ispovijedi je tako\u0111er mogu\u0107e dogovoriti s \u017eupnikom i izvan redovnog vremena, kao i duhovni razgovor. Ispit savjesti<\/p>\n","protected":false},"author":1,"featured_media":0,"parent":0,"menu_order":0,"comment_status":"closed","ping_status":"closed","template":"","meta":{"footnotes":""},"class_list":["post-417","page","type-page","status-publish","hentry"],"acf":[],"_links":{"self":[{"href":"https:\/\/zupemljet.com\/index.php\/wp-json\/wp\/v2\/pages\/417","targetHints":{"allow":["GET"]}}],"collection":[{"href":"https:\/\/zupemljet.com\/index.php\/wp-json\/wp\/v2\/pages"}],"about":[{"href":"https:\/\/zupemljet.com\/index.php\/wp-json\/wp\/v2\/types\/page"}],"author":[{"embeddable":true,"href":"https:\/\/zupemljet.com\/index.php\/wp-json\/wp\/v2\/users\/1"}],"replies":[{"embeddable":true,"href":"https:\/\/zupemljet.com\/index.php\/wp-json\/wp\/v2\/comments?post=417"}],"version-history":[{"count":3,"href":"https:\/\/zupemljet.com\/index.php\/wp-json\/wp\/v2\/pages\/417\/revisions"}],"predecessor-version":[{"id":639,"href":"https:\/\/zupemljet.com\/index.php\/wp-json\/wp\/v2\/pages\/417\/revisions\/639"}],"wp:attachment":[{"href":"https:\/\/zupemljet.com\/index.php\/wp-json\/wp\/v2\/media?parent=417"}],"curies":[{"name":"wp","href":"https:\/\/api.w.org\/{rel}","templated":true}]}}