{"id":418,"date":"2025-02-28T23:46:01","date_gmt":"2025-02-28T23:46:01","guid":{"rendered":"https:\/\/zupemljet.com\/?page_id=418"},"modified":"2025-04-07T20:29:10","modified_gmt":"2025-04-07T19:29:10","slug":"krstenje","status":"publish","type":"page","link":"https:\/\/zupemljet.com\/index.php\/krstenje\/","title":{"rendered":"Kr\u0161tenje"},"content":{"rendered":"\n<h1 class=\"wp-block-heading\"><\/h1>\n\n\n<div class=\"wp-block-image\">\n<figure class=\"aligncenter size-full\"><img fetchpriority=\"high\" decoding=\"async\" width=\"800\" height=\"533\" src=\"https:\/\/zupemljet.com\/wp-content\/uploads\/2025\/03\/KRSTENJE.jpg\" alt=\"\" class=\"wp-image-580\" srcset=\"https:\/\/zupemljet.com\/wp-content\/uploads\/2025\/03\/KRSTENJE.jpg 800w, https:\/\/zupemljet.com\/wp-content\/uploads\/2025\/03\/KRSTENJE-300x200.jpg 300w, https:\/\/zupemljet.com\/wp-content\/uploads\/2025\/03\/KRSTENJE-768x512.jpg 768w\" sizes=\"(max-width: 800px) 100vw, 800px\" \/><\/figure>\n<\/div>\n\n\n<p>Sveto kr\u0161tenje je temelj cijeloga kr\u0161\u0107anskog \u017eivota, ulaz u \u017eivot Duha i vrata koja otvaraju pristup drugim sakramentima. Po kr\u0161tenju smo oslobo\u0111eni od grijeha i nanovo ro\u0111eni kao sinovi Bo\u017eji, postajemo Kristovi udovi i pritjelovljeni smo Crkvi te bivamo dionici njezina poslanja: <strong>\u00bbKr\u0161tenje je sakrament preporo\u0111enja vodom i rije\u010dju.\u00ab<\/strong><\/p>\n\n\n\n<p><strong>KR\u0160TENJE DJECE<\/strong><\/p>\n\n\n\n<p>Budu\u0107i da se djeca ra\u0111aju s ljudskom naravi palom i okaljanom isto\u010dnim grijehom, to su i oni potrebni novoga ro\u0111enja u kr\u0161tenju da budu oslobo\u0111eni vlasti tame i preneseni u Kraljevstvo slobode sinova Bo\u017ejih, kamo su pozvani svi ljudi. Milost spasenja kao \u010dist dar posebno se o\u010dituje u kr\u0161tenju djece. Prema tome Crkva i roditelji li\u0161ili bi dijete neprocjenjive milosti da postane dijete Bo\u017eje kada mu ne bi podijelili krst nedugo poslije ro\u0111enja. Kr\u0161\u0107anski \u0107e roditelji priznati da se ta praksa sla\u017ee s njihovom ulogom hranitelja \u017eivota \u0161to im ga je Bog povjerio. Obi\u010daj krstiti malu djecu drevna je predaja Crkve. Izri\u010dito je posvjedo\u010dena od II. stolje\u0107a. Ipak je vjerojatno da su se ve\u0107 od po\u010detaka apostolskog propovijedanja, kada bi cijeli \u00bbdomovi\u00ab primali kr\u0161tenje, pritom kr\u0161tavala i djeca.<\/p>\n\n\n\n<p>Kr\u0161tenje je sakrament vjere. A vjeri je potrebna zajednica vjeruju\u0107ih. Svaki vjernik mo\u017ee vjerovati jedino unutar vjere Crkve. Vjera koja se tra\u017ei za kr\u0161tenje nije jo\u0161 savr\u0161ena i zrela vjera; ona je za\u010detak koji treba da se dalje razvija. Katekumenu ili njegovu kumu postavlja se pitanje: \u00bb\u0160to tra\u017ei\u0161 od Crkve Bo\u017eje?\u00ab I on odgovara: \u00bbVjeru!\u00ab<\/p>\n\n\n\n<p>Svim kr\u0161tenicima, djeci ili odraslima, potreban je poslije kr\u0161tenja rast u vjeri. Upravo zato Crkva svake godine slavi u vazmenoj no\u0107i obnovu krsnih obe\u0107anja. Priprava na kr\u0161tenje dovodi tek do predvorja novoga \u017eivota. Kr\u0161tenje je vrelo novoga \u017eivota u Kristu, odakle izvire sav kr\u0161\u0107anski \u017eivot.<\/p>\n\n\n\n<p>Pomo\u0107 roditelja vrlo je va\u017ena za razvoj krsne milosti. Tu je va\u017ena i uloga kuma ili kume, koji, stoga, trebaju biti postojani vjernici, sposobni i spremni pomo\u0107i novokr\u0161teniku, djetetu ili odraslome, na putu kr\u0161\u0107anskog \u017eivota. Njihova je zada\u0107a prava crkvena slu\u017eba. Dio odgovornosti u razvoju i o\u010duvanju milosti primljene kr\u0161tenjem snosi i sva crkvena zajednica.<\/p>\n\n\n\n<p>Vrlo je va\u017eno da se roditelji&nbsp; priprave na svjesno sudjelovanje u slavlju kr\u0161tenja svoga djeteta.<\/p>\n\n\n\n<p>Roditelji djeteta imaju u krsnom obredu svoju zaista vlastitu ulogu. Osim \u0161to slu\u0161aju upute krstitelja i \u0161to sa svim skupom vjernika mole molitve, oni svoju pravu slu\u017ebu vr\u0161e: a) kad jasno tra\u017ee da se dijete krsti; b) kad ga nakon krstitelja znamenuju na \u010delu; c) kad se odri\u010du sotone i ispovijedaju vjeru; d) kad dijete nose (u prvom redu majka) krsnom studencu; e) kad dr\u017ee zapaljenu svije\u0107u; f) kad primaju poseban blagoslov za majke i o\u010deve. Ako netko od njih ne mo\u017ee ispovjediti vjeru, npr. zato jer nije katolik, mo\u017ee \u0161utjeti. Od njega se samo zahtijeva, budu\u0107i da je zatra\u017eio kr\u0161tenje djeteta, da se pobrine ili barem dopusti da se dijete odgoji u krsnoj vjeri.<\/p>\n\n\n\n<p>Nakon kr\u0161tenja roditelji, zahvalni Bogu i vjerni preuzetoj zada\u0107i, du\u017eni su dijete privesti do spoznaje Boga i pripraviti ga na primanje potvrde i na sudjelovanje u presvetoj euharistiji.<\/p>\n\n\n\n<p><strong>Ono \u0161to roditelji trebaju u\u010diniti prije kr\u0161tenja svoga djeteta<\/strong> je, javiti se u \u017eupni ured nekoliko tjedana prije planiranog datuma kr\u0161tenja i dogovoriti termin kr\u0161tenja.<\/p>\n\n\n\n<p><strong>KR\u0160TENJE ODRASLIH<\/strong><\/p>\n\n\n\n<p>Kr\u0161tenje odraslih bila je uobi\u010dajena praksa od po\u010detaka Crkve tamo gdje se evan\u0111elje tek po\u010delo navije\u0161tati. Katekumenat (priprava za kr\u0161tenje) je u tom slu\u010daju nu\u017edan i va\u017ean. Uvo\u0111enjem u vjeru i u kr\u0161\u0107anski \u017eivot on mora \u010dovjeka pripraviti za primanje Bo\u017ejeg dara u krstu, potvrdi i euharistiji.<\/p>\n\n\n\n<p>Katekumenat ili formacija katekumen\u00e2 ima za cilj da im omogu\u0107i da, odgovaraju\u0107i na Bo\u017eju inicijativu, svoje obra\u0107enje i vjeru, u jedinstvu s jednom crkvenom zajednicom, dovedu do zrelosti. Rije\u010d je o \u00bbodgoju za cjeloviti kr\u0161\u0107anski \u017eivot kojim se u\u010denici zdru\u017euju sa svojim U\u010diteljem Kristom.<\/p>\n\n\n\n<p><strong>Odrasle osobe koje \u017eele primiti sakramente inicijacije (kr\u0161tenje, krizmu i euharistiju) neka se jave u \u017eupni ured pa \u0107e za njih biti organiziran vjeronauk (kateheza).<\/strong><\/p>\n\n\n\n<p><strong>TKO MO\u017dE BITI KUM NA KR\u0160TENJU?<\/strong><\/p>\n\n\n\n<p>Kum koji prati kr\u0161tenika prilikom primanja toga sakramenta trebao bi biti osoba koja \u0107e mu pomo\u0107i da nakon kr\u0161tenja \u017eivi dosljedno svoj kr\u0161\u0107anski \u017eivot. Dijete mo\u017ee imati i kuma i kumu.<\/p>\n\n\n\n<p>O slu\u017ebi kuma i tko uop\u0107e mo\u017ee biti kum, govori nam Zakonik kanonskoga prava:<\/p>\n\n\n\n<p>Kan. 874 \u2013 \u00a7 1. Da bi se kumu dopustilo preuzeti slu\u017ebu kuma, potrebno je:<\/p>\n\n\n\n<ol class=\"wp-block-list\">\n<li>da ga odredi sam kr\u0161tenik ili njegovi roditelji ili onaj tko ih zamjenjuje ili, ako tih nema, \u017eupnik ili krstitelj i da je prikladan te da ima nakanu vr\u0161iti tu slu\u017ebu;<\/li>\n\n\n\n<li>da je navr\u0161io 16. godinu \u017eivota, osim ako dijecezanski biskup odredi drugu dob ili ako \u017eupnik ili krstitelj smatraju da zbog opravdana razloga treba da se dopusti iznimka;<\/li>\n\n\n\n<li>da je katolik, potvr\u0111en (krizman) i da provodi \u017eivot u skladu s vjerom i preuzetom slu\u017ebom;<\/li>\n\n\n\n<li>da nije udaren nikakvom zakonito izre\u010denom ili progla\u0161enom kanonskom kaznom;<\/li>\n\n\n\n<li>da nije otac ili majka kr\u0161tenika.<\/li>\n<\/ol>\n\n\n\n<p>Ovo gore navedeno zna\u010di da kum mo\u017ee biti isklju\u010divo vjernik, to\u010dnije \u2013 osoba koja aktivno \u017eivi svoj kr\u0161\u0107anski \u017eivot (prima sakramente i \u017eivi po vjeri).<\/p>\n\n\n\n<p>Kako bi se otklonile mogu\u0107e zloupotrebe, da bi netko mogao kumovati na kr\u0161tenju, treba od svoga \u017eupnika pribaviti&nbsp;<em>Posvjedo\u010denje<\/em>&nbsp;da je prikladan za slu\u017ebu kuma. \u017dupnik, dakle, svojim potpisom jam\u010di za tu osobu. Stoga se&nbsp;<em>Posvjedo\u010denje<\/em>&nbsp;mo\u017ee izdati samo onima koji su, po sudu vlastitoga \u017eupnika, uistinu prikladni za tu slu\u017ebu.<\/p>\n\n\n\n<p><strong>SLAVLJE KR\u0160TENJA<\/strong><\/p>\n\n\n\n<p>Redovito slavlje kr\u0161tenja je preko nedjeljne sv. mise.<\/p>\n\n\n\n<p>Kr\u0161tenje se mo\u017ee slaviti u \u017eupnim crkvama.<\/p>\n","protected":false},"excerpt":{"rendered":"<p>Sveto kr\u0161tenje je temelj cijeloga kr\u0161\u0107anskog \u017eivota, ulaz u \u017eivot Duha i vrata koja otvaraju pristup drugim sakramentima. Po kr\u0161tenju smo oslobo\u0111eni od grijeha i nanovo ro\u0111eni kao sinovi Bo\u017eji, postajemo Kristovi udovi i pritjelovljeni smo Crkvi te bivamo dionici njezina poslanja: \u00bbKr\u0161tenje je sakrament preporo\u0111enja vodom i rije\u010dju.\u00ab KR\u0160TENJE DJECE Budu\u0107i da se djeca ra\u0111aju s ljudskom naravi palom i okaljanom isto\u010dnim grijehom, to su i oni potrebni novoga ro\u0111enja u kr\u0161tenju da budu oslobo\u0111eni vlasti tame i preneseni u Kraljevstvo slobode sinova Bo\u017ejih, kamo su pozvani svi ljudi. Milost spasenja kao \u010dist dar posebno se o\u010dituje u kr\u0161tenju djece. Prema tome Crkva i roditelji li\u0161ili bi dijete neprocjenjive milosti da postane dijete Bo\u017eje kada mu ne bi podijelili krst nedugo poslije ro\u0111enja. Kr\u0161\u0107anski \u0107e roditelji priznati da se ta praksa sla\u017ee s njihovom ulogom hranitelja \u017eivota \u0161to im ga je Bog povjerio. Obi\u010daj krstiti malu djecu drevna je predaja Crkve. Izri\u010dito je posvjedo\u010dena od II. stolje\u0107a. Ipak je vjerojatno da su se ve\u0107 od po\u010detaka apostolskog propovijedanja, kada bi cijeli \u00bbdomovi\u00ab primali kr\u0161tenje, pritom kr\u0161tavala i djeca. Kr\u0161tenje je sakrament vjere. A vjeri je potrebna zajednica vjeruju\u0107ih. Svaki vjernik mo\u017ee vjerovati jedino unutar vjere Crkve. Vjera koja se tra\u017ei za kr\u0161tenje nije jo\u0161 savr\u0161ena i zrela vjera; ona je za\u010detak koji treba da se dalje razvija. Katekumenu ili njegovu kumu postavlja se pitanje: \u00bb\u0160to tra\u017ei\u0161 od Crkve Bo\u017eje?\u00ab I on odgovara: \u00bbVjeru!\u00ab Svim kr\u0161tenicima, djeci ili odraslima, potreban je poslije kr\u0161tenja rast u vjeri. Upravo zato Crkva svake godine slavi u vazmenoj no\u0107i obnovu krsnih obe\u0107anja. Priprava na kr\u0161tenje dovodi tek do predvorja novoga \u017eivota. Kr\u0161tenje je vrelo novoga \u017eivota u Kristu, odakle izvire sav kr\u0161\u0107anski \u017eivot. Pomo\u0107 roditelja vrlo je va\u017ena za razvoj krsne milosti. Tu je va\u017ena i uloga kuma ili kume, koji, stoga, trebaju biti postojani vjernici, sposobni i spremni pomo\u0107i novokr\u0161teniku, djetetu ili odraslome, na putu kr\u0161\u0107anskog \u017eivota. Njihova je zada\u0107a prava crkvena slu\u017eba. Dio odgovornosti u razvoju i o\u010duvanju milosti primljene kr\u0161tenjem snosi i sva crkvena zajednica. Vrlo je va\u017eno da se roditelji&nbsp; priprave na svjesno sudjelovanje u slavlju kr\u0161tenja svoga djeteta. Roditelji djeteta imaju u krsnom obredu svoju zaista vlastitu ulogu. Osim \u0161to slu\u0161aju upute krstitelja i \u0161to sa svim skupom vjernika mole molitve, oni svoju pravu slu\u017ebu vr\u0161e: a) kad jasno tra\u017ee da se dijete krsti; b) kad ga nakon krstitelja znamenuju na \u010delu; c) kad se odri\u010du sotone i ispovijedaju vjeru; d) kad dijete nose (u prvom redu majka) krsnom studencu; e) kad dr\u017ee zapaljenu svije\u0107u; f) kad primaju poseban blagoslov za majke i o\u010deve. Ako netko od njih ne mo\u017ee ispovjediti vjeru, npr. zato jer nije katolik, mo\u017ee \u0161utjeti. Od njega se samo zahtijeva, budu\u0107i da je zatra\u017eio kr\u0161tenje djeteta, da se pobrine ili barem dopusti da se dijete odgoji u krsnoj vjeri. Nakon kr\u0161tenja roditelji, zahvalni Bogu i vjerni preuzetoj zada\u0107i, du\u017eni su dijete privesti do spoznaje Boga i pripraviti ga na primanje potvrde i na sudjelovanje u presvetoj euharistiji. Ono \u0161to roditelji trebaju u\u010diniti prije kr\u0161tenja svoga djeteta je, javiti se u \u017eupni ured nekoliko tjedana prije planiranog datuma kr\u0161tenja i dogovoriti termin kr\u0161tenja. KR\u0160TENJE ODRASLIH Kr\u0161tenje odraslih bila je uobi\u010dajena praksa od po\u010detaka Crkve tamo gdje se evan\u0111elje tek po\u010delo navije\u0161tati. Katekumenat (priprava za kr\u0161tenje) je u tom slu\u010daju nu\u017edan i va\u017ean. Uvo\u0111enjem u vjeru i u kr\u0161\u0107anski \u017eivot on mora \u010dovjeka pripraviti za primanje Bo\u017ejeg dara u krstu, potvrdi i euharistiji. Katekumenat ili formacija katekumen\u00e2 ima za cilj da im omogu\u0107i da, odgovaraju\u0107i na Bo\u017eju inicijativu, svoje obra\u0107enje i vjeru, u jedinstvu s jednom crkvenom zajednicom, dovedu do zrelosti. Rije\u010d je o \u00bbodgoju za cjeloviti kr\u0161\u0107anski \u017eivot kojim se u\u010denici zdru\u017euju sa svojim U\u010diteljem Kristom. Odrasle osobe koje \u017eele primiti sakramente inicijacije (kr\u0161tenje, krizmu i euharistiju) neka se jave u \u017eupni ured pa \u0107e za njih biti organiziran vjeronauk (kateheza). TKO MO\u017dE BITI KUM NA KR\u0160TENJU? Kum koji prati kr\u0161tenika prilikom primanja toga sakramenta trebao bi biti osoba koja \u0107e mu pomo\u0107i da nakon kr\u0161tenja \u017eivi dosljedno svoj kr\u0161\u0107anski \u017eivot. Dijete mo\u017ee imati i kuma i kumu. O slu\u017ebi kuma i tko uop\u0107e mo\u017ee biti kum, govori nam Zakonik kanonskoga prava: Kan. 874 \u2013 \u00a7 1. Da bi se kumu dopustilo preuzeti slu\u017ebu kuma, potrebno je: Ovo gore navedeno zna\u010di da kum mo\u017ee biti isklju\u010divo vjernik, to\u010dnije \u2013 osoba koja aktivno \u017eivi svoj kr\u0161\u0107anski \u017eivot (prima sakramente i \u017eivi po vjeri). Kako bi se otklonile mogu\u0107e zloupotrebe, da bi netko mogao kumovati na kr\u0161tenju, treba od svoga \u017eupnika pribaviti&nbsp;Posvjedo\u010denje&nbsp;da je prikladan za slu\u017ebu kuma. \u017dupnik, dakle, svojim potpisom jam\u010di za tu osobu. Stoga se&nbsp;Posvjedo\u010denje&nbsp;mo\u017ee izdati samo onima koji su, po sudu vlastitoga \u017eupnika, uistinu prikladni za tu slu\u017ebu. SLAVLJE KR\u0160TENJA Redovito slavlje kr\u0161tenja je preko nedjeljne sv. mise. Kr\u0161tenje se mo\u017ee slaviti u \u017eupnim crkvama.<\/p>\n","protected":false},"author":1,"featured_media":0,"parent":0,"menu_order":0,"comment_status":"closed","ping_status":"closed","template":"","meta":{"footnotes":""},"class_list":["post-418","page","type-page","status-publish","hentry"],"acf":[],"_links":{"self":[{"href":"https:\/\/zupemljet.com\/index.php\/wp-json\/wp\/v2\/pages\/418","targetHints":{"allow":["GET"]}}],"collection":[{"href":"https:\/\/zupemljet.com\/index.php\/wp-json\/wp\/v2\/pages"}],"about":[{"href":"https:\/\/zupemljet.com\/index.php\/wp-json\/wp\/v2\/types\/page"}],"author":[{"embeddable":true,"href":"https:\/\/zupemljet.com\/index.php\/wp-json\/wp\/v2\/users\/1"}],"replies":[{"embeddable":true,"href":"https:\/\/zupemljet.com\/index.php\/wp-json\/wp\/v2\/comments?post=418"}],"version-history":[{"count":3,"href":"https:\/\/zupemljet.com\/index.php\/wp-json\/wp\/v2\/pages\/418\/revisions"}],"predecessor-version":[{"id":636,"href":"https:\/\/zupemljet.com\/index.php\/wp-json\/wp\/v2\/pages\/418\/revisions\/636"}],"wp:attachment":[{"href":"https:\/\/zupemljet.com\/index.php\/wp-json\/wp\/v2\/media?parent=418"}],"curies":[{"name":"wp","href":"https:\/\/api.w.org\/{rel}","templated":true}]}}