{"id":419,"date":"2025-02-28T23:46:01","date_gmt":"2025-02-28T23:46:01","guid":{"rendered":"https:\/\/zupemljet.com\/?page_id=419"},"modified":"2025-03-19T20:57:26","modified_gmt":"2025-03-19T19:57:26","slug":"vjencanje","status":"publish","type":"page","link":"https:\/\/zupemljet.com\/index.php\/vjencanje\/","title":{"rendered":"Vjen\u010danje"},"content":{"rendered":"\n<p><strong>UPUTSTVO ZA VJEN\u010cANJA NA PODRU\u010cJU \u017dUPE<\/strong><\/p>\n\n\n\n<p>Najredovitiji put sklapanja crkvenog braka je vlastita \u017eupa i \u017eupna crkva. No, ako mladenci iz nekog razloga, \u017eele sklopiti brak u drugoj \u017eupi, Crkva im to ne uskra\u0107uje. Ako su zaru\u010dnici (makar jedno) s prebivali\u0161tem na podru\u010dju neke od tri mljetske \u017eupe, bez obzira u kojoj se crkvi \u017eele vjen\u010dati, sve se informacije dobivaju u \u017eupnom uredu i odra\u0111uje administrativni dio vjen\u010danja.<\/p>\n\n\n<div class=\"wp-block-image\">\n<figure class=\"aligncenter size-full\"><img fetchpriority=\"high\" decoding=\"async\" width=\"800\" height=\"533\" src=\"https:\/\/zupemljet.com\/wp-content\/uploads\/2025\/03\/VJENCANJE.jpg\" alt=\"\" class=\"wp-image-586\" srcset=\"https:\/\/zupemljet.com\/wp-content\/uploads\/2025\/03\/VJENCANJE.jpg 800w, https:\/\/zupemljet.com\/wp-content\/uploads\/2025\/03\/VJENCANJE-300x200.jpg 300w, https:\/\/zupemljet.com\/wp-content\/uploads\/2025\/03\/VJENCANJE-768x512.jpg 768w\" sizes=\"(max-width: 800px) 100vw, 800px\" \/><\/figure>\n<\/div>\n\n\n<p><\/p>\n\n\n\n<p>Ako su zaru\u010dnici iz drugih \u017eupa, a \u017eele se vjen\u010dati u jednoj od crkava na teritoriju neke od tri mljetske \u017eupe, najprije se javiti svom \u017eupniku, kazati mu namjere i s njim dogovoriti sre\u0111ivanje administrativnog dijela vjen\u010danja.<\/p>\n\n\n\n<p>\u017dupnik \u0107e vam re\u0107i \u0161to je sve potrebno, a u redovitim slu\u010dajevima je ovo:<\/p>\n\n\n\n<p>1. Krsni list,<\/p>\n\n\n\n<p>2. Slobodni list,<\/p>\n\n\n\n<p>3. Potvrda o Krizmi i<\/p>\n\n\n\n<p>4. Potvrda o Zaru\u010dni\u010dkom te\u010daju.<\/p>\n\n\n\n<p>Na osnovu ovih dokumenata i razgovora s vama va\u0161 \u0107e \u017dupnik obaviti \u017dENIDBENI POSTUPAK, ovjeriti ga kod Biskupskog ordinarijata i dati vam OTPUSNICU ZA VJEN\u010cANJE koju makar tjedan dana prije vjen\u010danja donosite u \u017eupni ured.<\/p>\n\n\n\n<p>Bli\u017eu pripravu za vjen\u010danje du\u017ean je obaviti onaj sve\u0107enik koji \u0107e vas vjen\u010dati u doti\u010dnoj crkvi.<\/p>\n\n\n\n<p><strong>ZARU\u010cNI\u010cKI TE\u010cAJ (SUSRETI PRIPRAVE ZA BRAK) U 2025. GODINI<\/strong><\/p>\n\n\n\n<p>U Pastoralnom centru \u017eupe sv. Petra na Boninovu&nbsp;s po\u010detkom u 20,00 sati odr\u017eavati \u0107e se susreti priprave za brak. Jedan turnus uklju\u010duje \u0161est susreta. Prijave su na te\u010daju.<\/p>\n\n\n\n<p class=\"has-text-align-center\"><strong>I. turnus: 7., 8., 9. i 14., 15., 16. velja\u010de<\/strong><\/p>\n\n\n\n<p class=\"has-text-align-center\"><strong>II. turnus: 2., 3., 4., i 9.,10., 11. svibnja<\/strong><\/p>\n\n\n\n<p class=\"has-text-align-center\"><strong>III. turnus: 17., 18., 19. i 24., 25., 26. listopada<\/strong><\/p>\n\n\n\n<p>Nije se potrebno ranije prijavljivati.<\/p>\n\n\n\n<p><strong>POTREBNI DOKUMENTI ZA MATI\u010cARA:<\/strong><\/p>\n\n\n\n<ul class=\"wp-block-list\">\n<li>Izvodi iz matice ro\u0111enih (ne Rodni list) koji nisu stariji od tri mjeseca za mladence.<\/li>\n\n\n\n<li>Preslik Domovnice mladenaca (originali na uvid).<\/li>\n\n\n\n<li>Preslilk osobnih iskaznica za mladence i njihove svjedoke.<\/li>\n<\/ul>\n\n\n\n<p>Na temelju gornjih dokumenata izdat \u0107e se POTVRDA O ISPUNJENJU PRETPOSTAVKI ZA SKLAPANJE BRAKA U VJERSKOM OBLIKU koja se donosi u \u017dupni ured.<\/p>\n","protected":false},"excerpt":{"rendered":"<p>UPUTSTVO ZA VJEN\u010cANJA NA PODRU\u010cJU \u017dUPE Najredovitiji put sklapanja crkvenog braka je vlastita \u017eupa i \u017eupna crkva. No, ako mladenci iz nekog razloga, \u017eele sklopiti brak u drugoj \u017eupi, Crkva im to ne uskra\u0107uje. Ako su zaru\u010dnici (makar jedno) s prebivali\u0161tem na podru\u010dju neke od tri mljetske \u017eupe, bez obzira u kojoj se crkvi \u017eele vjen\u010dati, sve se informacije dobivaju u \u017eupnom uredu i odra\u0111uje administrativni dio vjen\u010danja. Ako su zaru\u010dnici iz drugih \u017eupa, a \u017eele se vjen\u010dati u jednoj od crkava na teritoriju neke od tri mljetske \u017eupe, najprije se javiti svom \u017eupniku, kazati mu namjere i s njim dogovoriti sre\u0111ivanje administrativnog dijela vjen\u010danja. \u017dupnik \u0107e vam re\u0107i \u0161to je sve potrebno, a u redovitim slu\u010dajevima je ovo: 1. Krsni list, 2. Slobodni list, 3. Potvrda o Krizmi i 4. Potvrda o Zaru\u010dni\u010dkom te\u010daju. Na osnovu ovih dokumenata i razgovora s vama va\u0161 \u0107e \u017dupnik obaviti \u017dENIDBENI POSTUPAK, ovjeriti ga kod Biskupskog ordinarijata i dati vam OTPUSNICU ZA VJEN\u010cANJE koju makar tjedan dana prije vjen\u010danja donosite u \u017eupni ured. Bli\u017eu pripravu za vjen\u010danje du\u017ean je obaviti onaj sve\u0107enik koji \u0107e vas vjen\u010dati u doti\u010dnoj crkvi. ZARU\u010cNI\u010cKI TE\u010cAJ (SUSRETI PRIPRAVE ZA BRAK) U 2025. GODINI U Pastoralnom centru \u017eupe sv. Petra na Boninovu&nbsp;s po\u010detkom u 20,00 sati odr\u017eavati \u0107e se susreti priprave za brak. Jedan turnus uklju\u010duje \u0161est susreta. Prijave su na te\u010daju. I. turnus: 7., 8., 9. i 14., 15., 16. velja\u010de II. turnus: 2., 3., 4., i 9.,10., 11. svibnja III. turnus: 17., 18., 19. i 24., 25., 26. listopada Nije se potrebno ranije prijavljivati. POTREBNI DOKUMENTI ZA MATI\u010cARA: Na temelju gornjih dokumenata izdat \u0107e se POTVRDA O ISPUNJENJU PRETPOSTAVKI ZA SKLAPANJE BRAKA U VJERSKOM OBLIKU koja se donosi u \u017dupni ured.<\/p>\n","protected":false},"author":1,"featured_media":0,"parent":0,"menu_order":0,"comment_status":"closed","ping_status":"closed","template":"","meta":{"footnotes":""},"class_list":["post-419","page","type-page","status-publish","hentry"],"acf":[],"_links":{"self":[{"href":"https:\/\/zupemljet.com\/index.php\/wp-json\/wp\/v2\/pages\/419","targetHints":{"allow":["GET"]}}],"collection":[{"href":"https:\/\/zupemljet.com\/index.php\/wp-json\/wp\/v2\/pages"}],"about":[{"href":"https:\/\/zupemljet.com\/index.php\/wp-json\/wp\/v2\/types\/page"}],"author":[{"embeddable":true,"href":"https:\/\/zupemljet.com\/index.php\/wp-json\/wp\/v2\/users\/1"}],"replies":[{"embeddable":true,"href":"https:\/\/zupemljet.com\/index.php\/wp-json\/wp\/v2\/comments?post=419"}],"version-history":[{"count":2,"href":"https:\/\/zupemljet.com\/index.php\/wp-json\/wp\/v2\/pages\/419\/revisions"}],"predecessor-version":[{"id":587,"href":"https:\/\/zupemljet.com\/index.php\/wp-json\/wp\/v2\/pages\/419\/revisions\/587"}],"wp:attachment":[{"href":"https:\/\/zupemljet.com\/index.php\/wp-json\/wp\/v2\/media?parent=419"}],"curies":[{"name":"wp","href":"https:\/\/api.w.org\/{rel}","templated":true}]}}