{"id":420,"date":"2025-02-28T23:46:01","date_gmt":"2025-02-28T23:46:01","guid":{"rendered":"https:\/\/zupemljet.com\/?page_id=420"},"modified":"2025-03-19T09:17:02","modified_gmt":"2025-03-19T08:17:02","slug":"bolesnicko-pomazanje","status":"publish","type":"page","link":"https:\/\/zupemljet.com\/index.php\/bolesnicko-pomazanje\/","title":{"rendered":"Bolesni\u010dko pomazanje"},"content":{"rendered":"\n<p><strong>Za ispovijed, pri\u010dest i sakrament bolesni\u010dkog pomazanja za starije i nepokretne osobe javite se u \u017eupni ured pa \u0107e \u017eupnik pohoditi bolesnika kod ku\u0107e.<\/strong><\/p>\n\n\n\n<p><\/p>\n\n\n<div class=\"wp-block-image\">\n<figure class=\"aligncenter size-full is-resized\"><img fetchpriority=\"high\" decoding=\"async\" width=\"526\" height=\"305\" src=\"https:\/\/zupemljet.com\/wp-content\/uploads\/2025\/03\/BOLESNICKO-POMAZANJE.jpg\" alt=\"\" class=\"wp-image-573\" style=\"width:800px\" srcset=\"https:\/\/zupemljet.com\/wp-content\/uploads\/2025\/03\/BOLESNICKO-POMAZANJE.jpg 526w, https:\/\/zupemljet.com\/wp-content\/uploads\/2025\/03\/BOLESNICKO-POMAZANJE-300x174.jpg 300w\" sizes=\"(max-width: 526px) 100vw, 526px\" \/><\/figure>\n<\/div>\n\n\n<p><\/p>\n\n\n\n<p>Isus je sve va\u017enije zgode ljudskoga \u017eivota posvetio svojim sakramentima, tako je ustanovio i sakramenat bolesni\u010dkog pomazanja za one koji boluju. Za zemaljskoga \u017eivota posebnu pa\u017enju pokazao je prema bolesnicima. Bolesnike je poha\u0111ao i lije\u010dio. Kad je svoje apostole slao u svijet da propovijedaju, od njih je tra\u017eio da lije\u010de bolesnike. Sveti Marko svjedo\u010di da su apostoli \u00abmnoge bolesnike mazali uljem i ozdravljali ih\u00bb (Mk 6, 13). Sveti Jakov svjedo\u010di najstariju praksu Crkve podjeljivanja bolesni\u010dkog pomazanja bolesnima:&nbsp;<em>\u00abBoluje li tko me\u0111u vama, neka dozove crkvene starje\u0161ine! Oni neka mole nad bolesnikom i neka ga ma\u017eu uljem u ime Gospodnje, pa \u0107e molitva u\u010dinjena vjerom spasiti bolesnika. Gospodin \u0107e ga podi\u0107i i, ako je u\u010dinio grijehe, oprostit \u0107e mu se\u00bb<\/em>&nbsp;(Jak 5, 14-15).<\/p>\n\n\n\n<p>Kr\u0161\u0107anska je praksa da vjernici pozovu sve\u0107enika kada imaju bolesnika u obitelji. To nije posljednje pomazanje nego molitva Crkve za ozdravljenje, ako je Bo\u017eja volja, ili molitva za snagu pri no\u0161enju bolesti. Posljednje je pomazanje samo u onom slu\u010daju kada bolesnik prima bolesni\u010dko pomazanje na smrtnoj postelji pri podjeli popudbine, kako bi se lak\u0161e nosio sa smrtnim \u010dasom. Kod podjele bolesni\u010dkog pomazanja sudjeluju svi uku\u0107ani u molitvi za bolesnika. Crkva preporu\u010duje da se sakrament bolesni\u010dkog pomazanja slavi kod svakog te\u017eeg oboljenja, prije zahtjevnih \u00aboperacijskih\u00bb zahvata, te taj sakramenat mogu primiti i starije osobe koje i nemaju neku ozbiljnu bolest kako bi se lak\u0161e nosile sa svojom staro\u0161\u0107u. Mogu\u0107e ga je primiti i vi\u0161e puta, tj. kad nakon izvjesnog pobolj\u0161anja ili ozdravljenja bolest ili nemo\u0107 ponovno nastupe.&nbsp;&nbsp;Rije\u010d je o sakramentu koji se daje kao okrjepa za no\u0161enje i prihva\u0107anje bolesti. Sakramentu bolesni\u010dkog pomazanja prethodi sakrament ispovijedi ako ima te\u017eih grijeha.<\/p>\n\n\n\n<p>Najva\u017enije \u0161to se mo\u017ee u\u010diniti za na\u0161e starije i bolesne jest omogu\u0107iti im primanje sakramenata bolesni\u010dkog pomazanja.<\/p>\n","protected":false},"excerpt":{"rendered":"<p>Za ispovijed, pri\u010dest i sakrament bolesni\u010dkog pomazanja za starije i nepokretne osobe javite se u \u017eupni ured pa \u0107e \u017eupnik pohoditi bolesnika kod ku\u0107e. Isus je sve va\u017enije zgode ljudskoga \u017eivota posvetio svojim sakramentima, tako je ustanovio i sakramenat bolesni\u010dkog pomazanja za one koji boluju. Za zemaljskoga \u017eivota posebnu pa\u017enju pokazao je prema bolesnicima. Bolesnike je poha\u0111ao i lije\u010dio. Kad je svoje apostole slao u svijet da propovijedaju, od njih je tra\u017eio da lije\u010de bolesnike. Sveti Marko svjedo\u010di da su apostoli \u00abmnoge bolesnike mazali uljem i ozdravljali ih\u00bb (Mk 6, 13). Sveti Jakov svjedo\u010di najstariju praksu Crkve podjeljivanja bolesni\u010dkog pomazanja bolesnima:&nbsp;\u00abBoluje li tko me\u0111u vama, neka dozove crkvene starje\u0161ine! Oni neka mole nad bolesnikom i neka ga ma\u017eu uljem u ime Gospodnje, pa \u0107e molitva u\u010dinjena vjerom spasiti bolesnika. Gospodin \u0107e ga podi\u0107i i, ako je u\u010dinio grijehe, oprostit \u0107e mu se\u00bb&nbsp;(Jak 5, 14-15). Kr\u0161\u0107anska je praksa da vjernici pozovu sve\u0107enika kada imaju bolesnika u obitelji. To nije posljednje pomazanje nego molitva Crkve za ozdravljenje, ako je Bo\u017eja volja, ili molitva za snagu pri no\u0161enju bolesti. Posljednje je pomazanje samo u onom slu\u010daju kada bolesnik prima bolesni\u010dko pomazanje na smrtnoj postelji pri podjeli popudbine, kako bi se lak\u0161e nosio sa smrtnim \u010dasom. Kod podjele bolesni\u010dkog pomazanja sudjeluju svi uku\u0107ani u molitvi za bolesnika. Crkva preporu\u010duje da se sakrament bolesni\u010dkog pomazanja slavi kod svakog te\u017eeg oboljenja, prije zahtjevnih \u00aboperacijskih\u00bb zahvata, te taj sakramenat mogu primiti i starije osobe koje i nemaju neku ozbiljnu bolest kako bi se lak\u0161e nosile sa svojom staro\u0161\u0107u. Mogu\u0107e ga je primiti i vi\u0161e puta, tj. kad nakon izvjesnog pobolj\u0161anja ili ozdravljenja bolest ili nemo\u0107 ponovno nastupe.&nbsp;&nbsp;Rije\u010d je o sakramentu koji se daje kao okrjepa za no\u0161enje i prihva\u0107anje bolesti. Sakramentu bolesni\u010dkog pomazanja prethodi sakrament ispovijedi ako ima te\u017eih grijeha. Najva\u017enije \u0161to se mo\u017ee u\u010diniti za na\u0161e starije i bolesne jest omogu\u0107iti im primanje sakramenata bolesni\u010dkog pomazanja.<\/p>\n","protected":false},"author":1,"featured_media":0,"parent":0,"menu_order":0,"comment_status":"closed","ping_status":"closed","template":"","meta":{"footnotes":""},"class_list":["post-420","page","type-page","status-publish","hentry"],"acf":[],"_links":{"self":[{"href":"https:\/\/zupemljet.com\/index.php\/wp-json\/wp\/v2\/pages\/420","targetHints":{"allow":["GET"]}}],"collection":[{"href":"https:\/\/zupemljet.com\/index.php\/wp-json\/wp\/v2\/pages"}],"about":[{"href":"https:\/\/zupemljet.com\/index.php\/wp-json\/wp\/v2\/types\/page"}],"author":[{"embeddable":true,"href":"https:\/\/zupemljet.com\/index.php\/wp-json\/wp\/v2\/users\/1"}],"replies":[{"embeddable":true,"href":"https:\/\/zupemljet.com\/index.php\/wp-json\/wp\/v2\/comments?post=420"}],"version-history":[{"count":2,"href":"https:\/\/zupemljet.com\/index.php\/wp-json\/wp\/v2\/pages\/420\/revisions"}],"predecessor-version":[{"id":574,"href":"https:\/\/zupemljet.com\/index.php\/wp-json\/wp\/v2\/pages\/420\/revisions\/574"}],"wp:attachment":[{"href":"https:\/\/zupemljet.com\/index.php\/wp-json\/wp\/v2\/media?parent=420"}],"curies":[{"name":"wp","href":"https:\/\/api.w.org\/{rel}","templated":true}]}}