{"id":421,"date":"2025-02-28T23:46:01","date_gmt":"2025-02-28T23:46:01","guid":{"rendered":"https:\/\/zupemljet.com\/?page_id=421"},"modified":"2025-04-07T20:30:48","modified_gmt":"2025-04-07T19:30:48","slug":"prva-sv-pricest","status":"publish","type":"page","link":"https:\/\/zupemljet.com\/index.php\/prva-sv-pricest\/","title":{"rendered":"Prva sv. Pri\u010dest"},"content":{"rendered":"<div class=\"wp-block-image\">\n<figure class=\"aligncenter size-full\"><img fetchpriority=\"high\" decoding=\"async\" width=\"800\" height=\"381\" src=\"https:\/\/zupemljet.com\/wp-content\/uploads\/2025\/03\/PRICEST.jpg\" alt=\"\" class=\"wp-image-582\" srcset=\"https:\/\/zupemljet.com\/wp-content\/uploads\/2025\/03\/PRICEST.jpg 800w, https:\/\/zupemljet.com\/wp-content\/uploads\/2025\/03\/PRICEST-300x143.jpg 300w, https:\/\/zupemljet.com\/wp-content\/uploads\/2025\/03\/PRICEST-768x366.jpg 768w\" sizes=\"(max-width: 800px) 100vw, 800px\" \/><\/figure>\n<\/div>\n\n\n<p><\/p>\n\n\n\n<p>Prva Sveta Pri\u010dest je posebno slavlje u kojem djeca u dobi od 10-tak godina (u 3. razredu osnovne \u0161kole) po prvi puta pristupaju euharistijskom stolu, te u pri\u010desti blaguju tijelo Kristovo, koji je rekao: \u201cTko jede moje tijelo i pije moju krv, u meni ostaje i ja u njemu\u201d (Iv 6,56). Od davnih vremena, ova su se slavlja odr\u017eavala na vrlo sve\u010dani na\u010din i uvijek su prilika da se u tom trenutku obnove i krsna obe\u0107anja. S ovim je povezano i slavlje prve svete ispovijedi, koje prethodi prvopri\u010desni\u010dkom slavlju.<\/p>\n\n\n\n<p><strong>Kako se dijete priprema za taj sakrament?<\/strong><\/p>\n\n\n\n<p>Po\u010detkom \u0161kolske godine, roditelji prvopri\u010desnika dolaze u \u017dupni ured upisati svoju djecu. Da bi moglo pristupiti prvoj svetoj pri\u010desti dijete treba biti kr\u0161teno. Ukoliko je dijete kr\u0161teno izvan na\u0161ih \u017eupa, potrebno donijeti&nbsp;<em>Potvrdu o kr\u0161tenju<\/em>&nbsp;sa \u017eupe gdje je dijete kr\u0161teno. Ukoliko dijete nije kr\u0161teno, a roditelji ga \u017eele krstiti i tako mu omogu\u0107iti primanje prve svete pri\u010desti, u dogovoru sa \u017eupnikom, dijete se mo\u017ee krstiti prije Prve pri\u010desti.<\/p>\n\n\n\n<p><\/p>\n\n\n\n<p>Vjeronauk za Prvu Svetu Pri\u010dest odvija se&#8230;.<\/p>\n","protected":false},"excerpt":{"rendered":"<p>Prva Sveta Pri\u010dest je posebno slavlje u kojem djeca u dobi od 10-tak godina (u 3. razredu osnovne \u0161kole) po prvi puta pristupaju euharistijskom stolu, te u pri\u010desti blaguju tijelo Kristovo, koji je rekao: \u201cTko jede moje tijelo i pije moju krv, u meni ostaje i ja u njemu\u201d (Iv 6,56). Od davnih vremena, ova su se slavlja odr\u017eavala na vrlo sve\u010dani na\u010din i uvijek su prilika da se u tom trenutku obnove i krsna obe\u0107anja. S ovim je povezano i slavlje prve svete ispovijedi, koje prethodi prvopri\u010desni\u010dkom slavlju. Kako se dijete priprema za taj sakrament? Po\u010detkom \u0161kolske godine, roditelji prvopri\u010desnika dolaze u \u017dupni ured upisati svoju djecu. Da bi moglo pristupiti prvoj svetoj pri\u010desti dijete treba biti kr\u0161teno. Ukoliko je dijete kr\u0161teno izvan na\u0161ih \u017eupa, potrebno donijeti&nbsp;Potvrdu o kr\u0161tenju&nbsp;sa \u017eupe gdje je dijete kr\u0161teno. Ukoliko dijete nije kr\u0161teno, a roditelji ga \u017eele krstiti i tako mu omogu\u0107iti primanje prve svete pri\u010desti, u dogovoru sa \u017eupnikom, dijete se mo\u017ee krstiti prije Prve pri\u010desti. Vjeronauk za Prvu Svetu Pri\u010dest odvija se&#8230;.<\/p>\n","protected":false},"author":1,"featured_media":0,"parent":0,"menu_order":0,"comment_status":"closed","ping_status":"closed","template":"","meta":{"footnotes":""},"class_list":["post-421","page","type-page","status-publish","hentry"],"acf":[],"_links":{"self":[{"href":"https:\/\/zupemljet.com\/index.php\/wp-json\/wp\/v2\/pages\/421","targetHints":{"allow":["GET"]}}],"collection":[{"href":"https:\/\/zupemljet.com\/index.php\/wp-json\/wp\/v2\/pages"}],"about":[{"href":"https:\/\/zupemljet.com\/index.php\/wp-json\/wp\/v2\/types\/page"}],"author":[{"embeddable":true,"href":"https:\/\/zupemljet.com\/index.php\/wp-json\/wp\/v2\/users\/1"}],"replies":[{"embeddable":true,"href":"https:\/\/zupemljet.com\/index.php\/wp-json\/wp\/v2\/comments?post=421"}],"version-history":[{"count":3,"href":"https:\/\/zupemljet.com\/index.php\/wp-json\/wp\/v2\/pages\/421\/revisions"}],"predecessor-version":[{"id":638,"href":"https:\/\/zupemljet.com\/index.php\/wp-json\/wp\/v2\/pages\/421\/revisions\/638"}],"wp:attachment":[{"href":"https:\/\/zupemljet.com\/index.php\/wp-json\/wp\/v2\/media?parent=421"}],"curies":[{"name":"wp","href":"https:\/\/api.w.org\/{rel}","templated":true}]}}