{"id":643,"date":"2025-06-14T15:48:37","date_gmt":"2025-06-14T14:48:37","guid":{"rendered":"https:\/\/zupemljet.com\/?page_id=643"},"modified":"2026-04-25T17:44:27","modified_gmt":"2026-04-25T16:44:27","slug":"zupne-obavijesti-2","status":"publish","type":"page","link":"https:\/\/zupemljet.com\/index.php\/zupne-obavijesti-2\/","title":{"rendered":""},"content":{"rendered":"\n<p><strong>\u017dUPNE OBAVIJESTI<\/strong><\/p>\n\n\n\n<p><strong>NEDJELJA DOBROG PASTIRA<\/strong><\/p>\n\n\n\n<p>26. travnja, 2026. &#8211;&nbsp; 03. svibnja, 2026.<\/p>\n\n\n\n<p><strong>PONEDJELJAK:<\/strong> Svagdan &#8211; sv. Misa za pok. Nikola Dabeli\u0107 u 19:00 sati u Maranovi\u0107ima i poslije sv. Mise Euharistijsko klanjanje.<\/p>\n\n\n\n<p><strong>UTORAK:<\/strong> Svagdan &#8211; sv. Misa za pok. Nikola Dabeli\u0107 u 19:00 sati u Maranovi\u0107ima.<\/p>\n\n\n\n<p><strong>SRIJEDA:<\/strong> <strong>:<\/strong> Blagdan, sv. Katarina Sijenska &#8211; Sv. Misa na nakanu u Gove\u0111arima u Kapeli Svih Svetih&nbsp; u 19:00 sati<\/p>\n\n\n\n<p><strong>\u010cETVRTAK<\/strong>: Svagdan &#8211; Sv. Misa za pok. Frano i Nike Belin u Gove\u0111arima u Kapeli Svih Svetih&nbsp; u 19:00 sati i poslije sv. Mise Euharistijsko klanjanje.<strong><\/strong><\/p>\n\n\n\n<p><strong>PETAK: :<\/strong> Svagdan &#8211; Sv. Misa za pok. Petra Matana, Nika Hajdi\u0107 i Pave Jadru\u0161i\u0107 u Babinom Polju u 19.00 sati i poslije sv. Mise Euharistijsko klanjanje.<\/p>\n\n\n\n<p><strong>SUBOTA: <\/strong>Spomendan, sv. Atanazije &#8211; Sv. Misa za pok. Antun Hazdovac u Babinom Polju u 10:00 sati.<\/p>\n\n\n\n<p><strong>PETA VAZMENA NEDJELJA<\/strong><\/p>\n\n\n\n<p><strong>&#8211; SV. MISA U MARANOVI\u0106IMA U 9:00 SATI ZA POK. TOMISLAV LUGARI\u0106-LASTA<\/strong><\/p>\n\n\n\n<p><strong>-SV. MISA U BABINOM POLJU PRO POPULO (ZA NAROD) U 10:30 SATI&nbsp;<\/strong><\/p>\n\n\n\n<p><strong>-SV. MISA U GOVE\u0110ARIMA U KAPELI SVIH SVETIH ZA ZDRAVLJE U 18:00 SATI<\/strong><\/p>\n\n\n\n<p><em>Sv. <strong>ISPOVIJED <\/strong>i pobo\u017enost sv<strong>. KRUNICE <\/strong>su preko tjedna pola sata prije sv. Mise.&nbsp; Tako\u0111er,&nbsp; sv. Ispovijed je i nedjeljom pola sata prije sv. Mise i mogu\u0107a je i po dogovoru<\/em><\/p>\n","protected":false},"excerpt":{"rendered":"<p>\u017dUPNE OBAVIJESTI NEDJELJA DOBROG PASTIRA 26. travnja, 2026. &#8211;&nbsp; 03. svibnja, 2026. PONEDJELJAK: Svagdan &#8211; sv. Misa za pok. Nikola Dabeli\u0107 u 19:00 sati u Maranovi\u0107ima i poslije sv. Mise Euharistijsko klanjanje. UTORAK: Svagdan &#8211; sv. Misa za pok. Nikola Dabeli\u0107 u 19:00 sati u Maranovi\u0107ima. SRIJEDA: : Blagdan, sv. Katarina Sijenska &#8211; Sv. Misa na nakanu u Gove\u0111arima u Kapeli Svih Svetih&nbsp; u 19:00 sati \u010cETVRTAK: Svagdan &#8211; Sv. Misa za pok. Frano i Nike Belin u Gove\u0111arima u Kapeli Svih Svetih&nbsp; u 19:00 sati i poslije sv. Mise Euharistijsko klanjanje. PETAK: : Svagdan &#8211; Sv. Misa za pok. Petra Matana, Nika Hajdi\u0107 i Pave Jadru\u0161i\u0107 u Babinom Polju u 19.00 sati i poslije sv. Mise Euharistijsko klanjanje. SUBOTA: Spomendan, sv. Atanazije &#8211; Sv. Misa za pok. Antun Hazdovac u Babinom Polju u 10:00 sati. PETA VAZMENA NEDJELJA &#8211; SV. MISA U MARANOVI\u0106IMA U 9:00 SATI ZA POK. TOMISLAV LUGARI\u0106-LASTA -SV. MISA U BABINOM POLJU PRO POPULO (ZA NAROD) U 10:30 SATI&nbsp; -SV. MISA U GOVE\u0110ARIMA U KAPELI SVIH SVETIH ZA ZDRAVLJE U 18:00 SATI Sv. ISPOVIJED i pobo\u017enost sv. KRUNICE su preko tjedna pola sata prije sv. Mise.&nbsp; Tako\u0111er,&nbsp; sv. Ispovijed je i nedjeljom pola sata prije sv. Mise i mogu\u0107a je i po dogovoru<\/p>\n","protected":false},"author":1,"featured_media":0,"parent":0,"menu_order":0,"comment_status":"closed","ping_status":"closed","template":"","meta":{"footnotes":""},"class_list":["post-643","page","type-page","status-publish","hentry"],"acf":[],"_links":{"self":[{"href":"https:\/\/zupemljet.com\/index.php\/wp-json\/wp\/v2\/pages\/643","targetHints":{"allow":["GET"]}}],"collection":[{"href":"https:\/\/zupemljet.com\/index.php\/wp-json\/wp\/v2\/pages"}],"about":[{"href":"https:\/\/zupemljet.com\/index.php\/wp-json\/wp\/v2\/types\/page"}],"author":[{"embeddable":true,"href":"https:\/\/zupemljet.com\/index.php\/wp-json\/wp\/v2\/users\/1"}],"replies":[{"embeddable":true,"href":"https:\/\/zupemljet.com\/index.php\/wp-json\/wp\/v2\/comments?post=643"}],"version-history":[{"count":66,"href":"https:\/\/zupemljet.com\/index.php\/wp-json\/wp\/v2\/pages\/643\/revisions"}],"predecessor-version":[{"id":944,"href":"https:\/\/zupemljet.com\/index.php\/wp-json\/wp\/v2\/pages\/643\/revisions\/944"}],"wp:attachment":[{"href":"https:\/\/zupemljet.com\/index.php\/wp-json\/wp\/v2\/media?parent=643"}],"curies":[{"name":"wp","href":"https:\/\/api.w.org\/{rel}","templated":true}]}}